{"id":919,"date":"2017-08-14T08:13:30","date_gmt":"2017-08-14T08:13:30","guid":{"rendered":"http:\/\/arli.albweb.al\/?page_id=919"},"modified":"2018-02-27T11:17:03","modified_gmt":"2018-02-27T11:17:03","slug":"marvita-giant-2","status":"publish","type":"page","link":"https:\/\/arli-international.com\/?page_id=919","title":{"rendered":"Marvita Giant"},"content":{"rendered":"<div class=\"wpb-content-wrapper\"><p>[vc_row][vc_column width=&#8221;1\/4&#8243;][vc_single_image image=&#8221;873&#8243; img_size=&#8221;full&#8221;][\/vc_column][vc_column width=&#8221;3\/4&#8243; css=&#8221;.vc_custom_1501506652955{border: 2px dotted #c1c1c1 !important;}&#8221;][vc_column_text]<\/p>\n<h3 style=\"text-align: center;\"><strong><span style=\"color: #333;\">KARAKTERISTIKAT<\/span> <\/strong><\/h3>\n<p>[\/vc_column_text][vc_separator color=&#8221;custom&#8221; border_width=&#8221;4&#8243; el_width=&#8221;10&#8243; accent_color=&#8221;#20b806&#8243;][vc_column_text]<\/p>\n<p style=\"text-align: justify;\">P\u00ebrqindja e lidhjes frutave &#8211; P\u00ebrshpejton shum\u00ebzimin e qelizave gjat\u00eb fazave t\u00eb para t\u00eb zhvillimit embrional, duke rritur n\u00eb k\u00ebt\u00eb m\u00ebnyr\u00eb % e lidhjes s\u00eb frutave. P\u00ebrmasa dhe nj\u00ebtrajtshm\u00ebri &#8211; P\u00ebrshpejton shum\u00ebzimin e qelizave gjat\u00eb fazave t\u00eb para t\u00eb zhvillimit. Rrit dimensionin e frutave dhe nj\u00ebtrajtshm\u00ebrin\u00eb. P\u00ebrmir\u00ebsoncil\u00ebsit\u00eb e konservimit &#8211; Rrit rezistenc\u00ebn e mureve qelizor\u00eb.Zgjat boshtin e veshulit (Hardhi) &#8211; Zgjatimi i boshtit ndikon shum\u00eb n\u00eb cil\u00ebsin\u00eb sh\u00ebndetin e veshulave.<\/p>\n<p>[\/vc_column_text][\/vc_column][\/vc_row][vc_row][vc_column][vc_empty_space][\/vc_column][\/vc_row][vc_row type=&#8221;vc_default&#8221; full_width=&#8221;stretch_row&#8221; css=&#8221;.vc_custom_1501509688289{margin-bottom: -72px !important;background-color: #6aaf08 !important;}&#8221;][vc_column width=&#8221;2\/3&#8243;][vc_column_text]<\/p>\n<h3 style=\"text-align: center;\"><strong><span style=\"color: #ffffff;\">PER ME SHUME INFORMACIONE SHIKONI PDF<\/span> <\/strong><\/h3>\n<p>[\/vc_column_text][\/vc_column][vc_column width=&#8221;1\/3&#8243;][vc_btn title=&#8221;SHKARKO PDF&#8221; style=&#8221;outline-custom&#8221; outline_custom_color=&#8221;#ffffff&#8221; outline_custom_hover_background=&#8221;#ffffff&#8221; outline_custom_hover_text=&#8221;#6aaf08&#8243; link=&#8221;url:%2Fwp-content%2Fuploads%2F2018%2F02%2FMARVITA-GIANT.pdf||target:%20_blank|&#8221;][\/vc_column][\/vc_row]<\/p>\n<\/div>","protected":false},"excerpt":{"rendered":"<p>[vc_row][vc_column width=&#8221;1\/4&#8243;][vc_single_image image=&#8221;873&#8243; img_size=&#8221;full&#8221;][\/vc_column][vc_column width=&#8221;3\/4&#8243; css=&#8221;.vc_custom_1501506652955{border: 2px dotted #c1c1c1 !important;}&#8221;][vc_column_text] KARAKTERISTIKAT [\/vc_column_text][vc_separator color=&#8221;custom&#8221; border_width=&#8221;4&#8243; el_width=&#8221;10&#8243; accent_color=&#8221;#20b806&#8243;][vc_column_text] P\u00ebrqindja e lidhjes frutave &#8211; P\u00ebrshpejton shum\u00ebzimin e qelizave gjat\u00eb fazave t\u00eb para t\u00eb zhvillimit embrional, duke rritur n\u00eb k\u00ebt\u00eb m\u00ebnyr\u00eb % e lidhjes s\u00eb frutave. P\u00ebrmasa dhe nj\u00ebtrajtshm\u00ebri &#8211; P\u00ebrshpejton shum\u00ebzimin e qelizave gjat\u00eb fazave t\u00eb para t\u00eb&hellip;<\/p>\n","protected":false},"author":1,"featured_media":0,"parent":0,"menu_order":0,"comment_status":"closed","ping_status":"closed","template":"","meta":{"footnotes":""},"class_list":["post-919","page","type-page","status-publish","hentry","description-off"],"_links":{"self":[{"href":"https:\/\/arli-international.com\/index.php?rest_route=\/wp\/v2\/pages\/919","targetHints":{"allow":["GET"]}}],"collection":[{"href":"https:\/\/arli-international.com\/index.php?rest_route=\/wp\/v2\/pages"}],"about":[{"href":"https:\/\/arli-international.com\/index.php?rest_route=\/wp\/v2\/types\/page"}],"author":[{"embeddable":true,"href":"https:\/\/arli-international.com\/index.php?rest_route=\/wp\/v2\/users\/1"}],"replies":[{"embeddable":true,"href":"https:\/\/arli-international.com\/index.php?rest_route=%2Fwp%2Fv2%2Fcomments&post=919"}],"version-history":[{"count":5,"href":"https:\/\/arli-international.com\/index.php?rest_route=\/wp\/v2\/pages\/919\/revisions"}],"predecessor-version":[{"id":1105,"href":"https:\/\/arli-international.com\/index.php?rest_route=\/wp\/v2\/pages\/919\/revisions\/1105"}],"wp:attachment":[{"href":"https:\/\/arli-international.com\/index.php?rest_route=%2Fwp%2Fv2%2Fmedia&parent=919"}],"curies":[{"name":"wp","href":"https:\/\/api.w.org\/{rel}","templated":true}]}}