{"id":844,"date":"2017-08-04T14:56:37","date_gmt":"2017-08-04T14:56:37","guid":{"rendered":"http:\/\/arli.albweb.al\/?page_id=844"},"modified":"2018-02-27T11:13:02","modified_gmt":"2018-02-27T11:13:02","slug":"sipfol-star","status":"publish","type":"page","link":"https:\/\/arli-international.com\/?page_id=844","title":{"rendered":"SIPFOL STAR"},"content":{"rendered":"<div class=\"wpb-content-wrapper\"><p>[vc_row][vc_column width=&#8221;1\/4&#8243;][vc_single_image image=&#8221;847&#8243; img_size=&#8221;full&#8221;][\/vc_column][vc_column width=&#8221;3\/4&#8243; css=&#8221;.vc_custom_1501506652955{border: 2px dotted #c1c1c1 !important;}&#8221;][vc_column_text]<\/p>\n<h3 style=\"text-align: center;\"><strong><span style=\"color: #333;\">KARAKTERISTIKAT<\/span> <\/strong><\/h3>\n<p>[\/vc_column_text][vc_separator color=&#8221;custom&#8221; border_width=&#8221;4&#8243; el_width=&#8221;10&#8243; accent_color=&#8221;#20b806&#8243;][vc_column_text]<\/p>\n<p style=\"text-align: justify;\">Aktivitet kund\u00ebr stresit, aktivitet rr\u00ebnjor\u00eb, lulolr\u00eb, frutifikimi<\/p>\n<p>[\/vc_column_text][\/vc_column][\/vc_row][vc_row][vc_column][vc_empty_space][\/vc_column][\/vc_row][vc_row type=&#8221;vc_default&#8221; full_width=&#8221;stretch_row&#8221; css=&#8221;.vc_custom_1501509688289{margin-bottom: -72px !important;background-color: #6aaf08 !important;}&#8221;][vc_column width=&#8221;2\/3&#8243;][vc_column_text]<\/p>\n<h3 style=\"text-align: center;\"><strong><span style=\"color: #ffffff;\">PER ME SHUME INFORMACIONE SHIKONI PDF<\/span> <\/strong><\/h3>\n<p>[\/vc_column_text][\/vc_column][vc_column width=&#8221;1\/3&#8243;][vc_btn title=&#8221;SHKARKO PDF&#8221; style=&#8221;outline-custom&#8221; outline_custom_color=&#8221;#ffffff&#8221; outline_custom_hover_background=&#8221;#ffffff&#8221; outline_custom_hover_text=&#8221;#6aaf08&#8243; link=&#8221;url:%2Fwp-content%2Fuploads%2F2018%2F02%2FSIPFOL-STAR.pdf||target:%20_blank|&#8221;][\/vc_column][\/vc_row]<\/p>\n<\/div>","protected":false},"excerpt":{"rendered":"<p>[vc_row][vc_column width=&#8221;1\/4&#8243;][vc_single_image image=&#8221;847&#8243; img_size=&#8221;full&#8221;][\/vc_column][vc_column width=&#8221;3\/4&#8243; css=&#8221;.vc_custom_1501506652955{border: 2px dotted #c1c1c1 !important;}&#8221;][vc_column_text] KARAKTERISTIKAT [\/vc_column_text][vc_separator color=&#8221;custom&#8221; border_width=&#8221;4&#8243; el_width=&#8221;10&#8243; accent_color=&#8221;#20b806&#8243;][vc_column_text] Aktivitet kund\u00ebr stresit, aktivitet rr\u00ebnjor\u00eb, lulolr\u00eb, frutifikimi [\/vc_column_text][\/vc_column][\/vc_row][vc_row][vc_column][vc_empty_space][\/vc_column][\/vc_row][vc_row type=&#8221;vc_default&#8221; full_width=&#8221;stretch_row&#8221; css=&#8221;.vc_custom_1501509688289{margin-bottom: -72px !important;background-color: #6aaf08 !important;}&#8221;][vc_column width=&#8221;2\/3&#8243;][vc_column_text] PER ME SHUME INFORMACIONE SHIKONI PDF [\/vc_column_text][\/vc_column][vc_column width=&#8221;1\/3&#8243;][vc_btn title=&#8221;SHKARKO PDF&#8221; style=&#8221;outline-custom&#8221; outline_custom_color=&#8221;#ffffff&#8221; outline_custom_hover_background=&#8221;#ffffff&#8221; outline_custom_hover_text=&#8221;#6aaf08&#8243; link=&#8221;url:%2Fwp-content%2Fuploads%2F2018%2F02%2FSIPFOL-STAR.pdf||target:%20_blank|&#8221;][\/vc_column][\/vc_row]<\/p>\n","protected":false},"author":1,"featured_media":0,"parent":0,"menu_order":0,"comment_status":"closed","ping_status":"closed","template":"","meta":{"footnotes":""},"class_list":["post-844","page","type-page","status-publish","hentry","description-off"],"_links":{"self":[{"href":"https:\/\/arli-international.com\/index.php?rest_route=\/wp\/v2\/pages\/844","targetHints":{"allow":["GET"]}}],"collection":[{"href":"https:\/\/arli-international.com\/index.php?rest_route=\/wp\/v2\/pages"}],"about":[{"href":"https:\/\/arli-international.com\/index.php?rest_route=\/wp\/v2\/types\/page"}],"author":[{"embeddable":true,"href":"https:\/\/arli-international.com\/index.php?rest_route=\/wp\/v2\/users\/1"}],"replies":[{"embeddable":true,"href":"https:\/\/arli-international.com\/index.php?rest_route=%2Fwp%2Fv2%2Fcomments&post=844"}],"version-history":[{"count":5,"href":"https:\/\/arli-international.com\/index.php?rest_route=\/wp\/v2\/pages\/844\/revisions"}],"predecessor-version":[{"id":1098,"href":"https:\/\/arli-international.com\/index.php?rest_route=\/wp\/v2\/pages\/844\/revisions\/1098"}],"wp:attachment":[{"href":"https:\/\/arli-international.com\/index.php?rest_route=%2Fwp%2Fv2%2Fmedia&parent=844"}],"curies":[{"name":"wp","href":"https:\/\/api.w.org\/{rel}","templated":true}]}}