{"id":808,"date":"2017-08-04T14:04:20","date_gmt":"2017-08-04T14:04:20","guid":{"rendered":"http:\/\/arli.albweb.al\/?page_id=808"},"modified":"2018-02-27T10:53:37","modified_gmt":"2018-02-27T10:53:37","slug":"gastrotox-e","status":"publish","type":"page","link":"https:\/\/arli-international.com\/?page_id=808","title":{"rendered":"GASTROTOX E"},"content":{"rendered":"<div class=\"wpb-content-wrapper\"><p>[vc_row][vc_column width=&#8221;1\/4&#8243;][vc_single_image image=&#8221;811&#8243; img_size=&#8221;full&#8221;][\/vc_column][vc_column width=&#8221;3\/4&#8243; css=&#8221;.vc_custom_1501506652955{border: 2px dotted #c1c1c1 !important;}&#8221;][vc_column_text]<\/p>\n<h3 style=\"text-align: center;\"><strong><span style=\"color: #333;\">KARAKTERISTIKAT<\/span> <\/strong><\/h3>\n<p>[\/vc_column_text][vc_separator color=&#8221;custom&#8221; border_width=&#8221;4&#8243; el_width=&#8221;10&#8243; accent_color=&#8221;#20b806&#8243;][vc_column_text]<\/p>\n<p style=\"text-align: justify;\">Produkt specifik q\u00eb vepron n\u00ebp\u00ebrmjet aparatit tret\u00ebs dhe kontaktit p\u00ebr luftimin e k\u00ebrmijve me dhe pa guask\u00eb, q\u00eb d\u00ebmtojn\u00eb kultura t\u00eb ndryshme bujq\u00ebsore si : perime, bim\u00eb zbukuruese dhe kultura t\u00eb tjera, si n\u00eb fush\u00eb t\u00eb hapur ashtu edhe n\u00eb sera. Shp\u00ebrndarja kryhet n\u00eb m\u00ebnyr\u00eb uniforme p\u00ebrgjat\u00eb perimetrit t\u00eb parcel\u00ebs, p\u00ebrreth bim\u00ebve ose gjat\u00eb rreshtit t\u00eb bim\u00ebve. \u00cbsht\u00eb vecan\u00ebrisht i efektsh\u00ebm kur p\u00ebrdoret pas shirave ose pas ujitjes s\u00eb kulturave<\/p>\n<p>[\/vc_column_text][\/vc_column][\/vc_row][vc_row type=&#8221;vc_default&#8221; css=&#8221;.vc_custom_1501507251938{margin-top: -40px !important;}&#8221;][vc_column width=&#8221;1\/4&#8243;][\/vc_column][vc_column width=&#8221;3\/4&#8243; css=&#8221;.vc_custom_1501507230627{border: 2px dotted #aaaaaa !important;}&#8221;][vc_column_text]<\/p>\n<h3 style=\"text-align: center;\"><strong><span style=\"color: #333;\">KOHA E <\/span><span style=\"color: #20b806;\"> PRITSHMERISE<\/span> <\/strong><\/h3>\n<p>[\/vc_column_text][vc_separator color=&#8221;custom&#8221; border_width=&#8221;4&#8243; el_width=&#8221;10&#8243; accent_color=&#8221;#20b806&#8243;]<div id=\"advanced-tabs-desc-wrap-2831\" class=\"ult_tabs \" style=\" \" data-tabsstyle=\"style3\"\n data-titlebg=\"#e7ecea\" data-titlecolor=\"#74777b\" data-fullheight=\"off\"\n data-titlehoverbg=\"#4f90d1\" data-titlehovercolor=\"#ffffff\"\n data-rotatetabs=\"0\" data-responsivemode=\"Both\" data-animation=\"Slide\"\ndata-activetitle=\"#ffffff\" data-activeicon=\"\" data-activebg=\"#4f90d1\"  data-respmode=\"Tabs\" data-respwidth=\"400\" data-scroll = \"on\" data-activeindex=\"1\"><ul id=advanced-tabs-wrap-6281 class=\"ult_tabmenu style3 \" style=\"\"><li class=\"ult_tab_li  \" data-iconcolor=\"#74777b\" data-iconhover=\"#ffffff\" style=\"background-color:#e7ecea;border-color:transparent;border-width:0px;border-style:solid;border-top-left-radius:8px;\">\n\t\t\t\t\t<a href=\"#1501509056120-4-4721e-ce1c0473-0b9a\" id=\"1501509056120-4-4721e-ce1c0473-0b9a\" style=\"color:#74777b;;  \" class=\"ult_a  \">\n\t\t\t\t\t     <span class=\"ult_tab_main Both\">\n\t\t\t\t\t      <span class=\"ult_tab_section\">\n\t\t\t\t\t\t   <span class=\"aio-icon none ult_tab_iconleft\" style=\"color:#74777b;font-size:15px;\">\n\t\t\t\t\t\t   <i class=\"    ult_tab_icon\"  ><\/i>\n\t\t\t\t\t\t   <\/span>\n\t\t\t\t\t\t   <span  data-ultimate-target='#advanced-tabs-wrap-6281 .ult-span-text'  data-responsive-json-new='{\"font-size\":\"desktop:15px;\",\"line-height\":\"\"}'  class=\"ult-span-text ult-responsive\" style=\"\">7 DITE<\/span>\n\t\t\t\t\t\t    <\/span >\n\t\t\t\t\t\t<\/span>\n\t\t\t\t\t<\/a>\n\t\t\t\t\t<\/li><li class=\"ult_tab_li  \" data-iconcolor=\"#74777b\" data-iconhover=\"#ffffff\" style=\"background-color:#e7ecea;border-color:transparent;border-width:0px;border-style:solid;border-top-right-radius:8px;\">\n\t\t\t\t\t<a href=\"#23c727f4-1f74-0721e-ce1c0473-0b9a\" id=\"23c727f4-1f74-0721e-ce1c0473-0b9a\" style=\"color:#74777b;;  \" class=\"ult_a  \">\n\t\t\t\t\t     <span class=\"ult_tab_main Both\">\n\t\t\t\t\t      <span class=\"ult_tab_section\">\n\t\t\t\t\t\t   <span class=\"aio-icon none ult_tab_iconleft\" style=\"color:#74777b;font-size:15px;\">\n\t\t\t\t\t\t   <i class=\"    ult_tab_icon\"  ><\/i>\n\t\t\t\t\t\t   <\/span>\n\t\t\t\t\t\t   <span  data-ultimate-target='#advanced-tabs-wrap-6281 .ult-span-text'  data-responsive-json-new='{\"font-size\":\"desktop:15px;\",\"line-height\":\"\"}'  class=\"ult-span-text ult-responsive\" style=\"\">20 DITE<\/span>\n\t\t\t\t\t\t    <\/span >\n\t\t\t\t\t\t<\/span>\n\t\t\t\t\t<\/a>\n\t\t\t\t\t<\/li><\/ul><div  data-ultimate-target='#advanced-tabs-desc-wrap-2831 .ult_tabcontent .ult_tab_min_contain  p'  data-responsive-json-new='{\"font-size\":\"\",\"line-height\":\"\"}' class=\"ult_tabcontent ult-responsive style3\" style=\"color:#74777b;\"><div class=\"ult_tab_min_contain \" >\n\t\t\t<div  class=\"ult_tabitemname\"  >\n\t\t\t\t<div id=\"ult-carousel-236196412669e460c29ce34\" class=\"ult-carousel-wrapper   ult_horizontal\" data-gutter=\"15\" data-rtl=\"false\" ><div class=\"ult-carousel-348488767369e460c29cdf3 \" ><div class=\"ult-item-wrap\" data-animation=\"animated no-animation\"><div class=\"aio-icon-component    style_1\"><div id=\"Info-box-wrap-8287\" class=\"aio-icon-box top-icon\" style=\"\"  ><div class=\"aio-icon-top\"><div class=\"ult-item-wrap\" data-animation=\"animated no-animation\"><div class=\"ult-just-icon-wrapper  \"><div class=\"align-icon\" style=\"text-align:center;\">\n<div class=\"aio-icon-img \" style=\"font-size:180px;display:inline-block;\" data-animation=\"swing\" data-animation-delay=\"03\">\n\t<img decoding=\"async\" class=\"img-icon\" alt=\"null\" src=\"https:\/\/arli-international.com\/wp-content\/uploads\/2017\/08\/1191567993-lulelaker.jpg\"\/>\n<\/div><\/div><\/div><\/div><\/div><div class=\"aio-icon-header\" ><h3 class=\"aio-icon-title ult-responsive\"  data-ultimate-target='#Info-box-wrap-8287 .aio-icon-title'  data-responsive-json-new='{\"font-size\":\"desktop:25px;\",\"line-height\":\"\"}'  style=\"font-weight:bold;\">Lulelaker dhe Laker koke<\/h3><\/div> <!-- header --><\/div> <!-- aio-icon-box --><\/div> <!-- aio-icon-component --><\/div><\/div><\/div>\t\t\t<script type=\"text\/javascript\">\n\t\t\t\tjQuery(document).ready(function ($) {\n\t\t\t\t\tif( typeof jQuery('.ult-carousel-348488767369e460c29cdf3').slick == \"function\"){\n\t\t\t\t\t\t$('.ult-carousel-348488767369e460c29cdf3').slick({dots: true,autoplay: true,autoplaySpeed: \"5000\",speed: \"300\",infinite: true,arrows: true,nextArrow: '<button type=\"button\" role=\"button\" aria-label=\"Next\" style=\"color:#333333; font-size:20px;\" class=\"slick-next default\"><i class=\"ultsl-arrow-right4\"><\/i><\/button>',prevArrow: '<button type=\"button\" role=\"button\" aria-label=\"Previous\" style=\"color:#333333; font-size:20px;\" class=\"slick-prev default\"><i class=\"ultsl-arrow-left4\"><\/i><\/button>',slidesToScroll:4,slidesToShow:4,swipe: true,draggable: true,touchMove: true,pauseOnHover: true,pauseOnFocus: false,responsive: [\n\t\t\t\t\t\t\t{\n\t\t\t\t\t\t\t  breakpoint: 1026,\n\t\t\t\t\t\t\t  settings: {\n\t\t\t\t\t\t\t\tslidesToShow: 4,\n\t\t\t\t\t\t\t\tslidesToScroll: 4,  \n\t\t\t\t\t\t\t  }\n\t\t\t\t\t\t\t},\n\t\t\t\t\t\t\t{\n\t\t\t\t\t\t\t  breakpoint: 1025,\n\t\t\t\t\t\t\t  settings: {\n\t\t\t\t\t\t\t\tslidesToShow: 3,\n\t\t\t\t\t\t\t\tslidesToScroll: 3\n\t\t\t\t\t\t\t  }\n\t\t\t\t\t\t\t},\n\t\t\t\t\t\t\t{\n\t\t\t\t\t\t\t  breakpoint: 760,\n\t\t\t\t\t\t\t  settings: {\n\t\t\t\t\t\t\t\tslidesToShow: 2,\n\t\t\t\t\t\t\t\tslidesToScroll: 2\n\t\t\t\t\t\t\t  }\n\t\t\t\t\t\t\t}\n\t\t\t\t\t\t],pauseOnDotsHover: true,customPaging: function(slider, i) {\n                   return '<i type=\"button\" style= \"color:#333333;\" class=\"ultsl-record\" data-role=\"none\"><\/i>';\n                },});\n\t\t\t\t\t}\n\t\t\t\t});\n\t\t\t<\/script>\n\t\t\t\n\t\t\t<\/div>\n\t\t\t<div  class=\"ult_tabitemname\"  >\n\t\t\t\t[vc_empty_space]<div id=\"ult-carousel-357322119769e460c29d38b\" class=\"ult-carousel-wrapper   ult_horizontal\" data-gutter=\"15\" data-rtl=\"false\" ><div class=\"ult-carousel-134850075669e460c29d348 \" ><div class=\"ult-item-wrap\" data-animation=\"animated no-animation\"><div class=\"aio-icon-component    style_1\"><div id=\"Info-box-wrap-7553\" class=\"aio-icon-box top-icon\" style=\"\"  ><div class=\"aio-icon-top\"><div class=\"ult-item-wrap\" data-animation=\"animated no-animation\"><div class=\"ult-just-icon-wrapper  \"><div class=\"align-icon\" style=\"text-align:center;\">\n<div class=\"aio-icon-img \" style=\"font-size:110px;display:inline-block;\" data-animation=\"swing\" data-animation-delay=\"03\">\n\t<img decoding=\"async\" class=\"img-icon\" alt=\"null\" src=\"https:\/\/arli-international.com\/wp-content\/uploads\/2017\/07\/8-leafy-green-vegetables.jpg\"\/>\n<\/div><\/div><\/div><\/div><\/div><div class=\"aio-icon-header\" ><h3 class=\"aio-icon-title ult-responsive\"  data-ultimate-target='#Info-box-wrap-7553 .aio-icon-title'  data-responsive-json-new='{\"font-size\":\"desktop:20px;\",\"line-height\":\"\"}'  style=\"font-weight:bold;\">Sallate dhe te ngjashme<\/h3><\/div> <!-- header --><\/div> <!-- aio-icon-box --><\/div> <!-- aio-icon-component --><\/div><\/div><\/div>\t\t\t<script type=\"text\/javascript\">\n\t\t\t\tjQuery(document).ready(function ($) {\n\t\t\t\t\tif( typeof jQuery('.ult-carousel-134850075669e460c29d348').slick == \"function\"){\n\t\t\t\t\t\t$('.ult-carousel-134850075669e460c29d348').slick({dots: true,autoplay: true,autoplaySpeed: \"5000\",speed: \"300\",infinite: true,arrows: true,nextArrow: '<button type=\"button\" role=\"button\" aria-label=\"Next\" style=\"color:#333333; font-size:20px;\" class=\"slick-next default\"><i class=\"ultsl-arrow-right4\"><\/i><\/button>',prevArrow: '<button type=\"button\" role=\"button\" aria-label=\"Previous\" style=\"color:#333333; font-size:20px;\" class=\"slick-prev default\"><i class=\"ultsl-arrow-left4\"><\/i><\/button>',slidesToScroll:4,slidesToShow:4,swipe: true,draggable: true,touchMove: true,pauseOnHover: true,pauseOnFocus: false,responsive: [\n\t\t\t\t\t\t\t{\n\t\t\t\t\t\t\t  breakpoint: 1026,\n\t\t\t\t\t\t\t  settings: {\n\t\t\t\t\t\t\t\tslidesToShow: 4,\n\t\t\t\t\t\t\t\tslidesToScroll: 4,  \n\t\t\t\t\t\t\t  }\n\t\t\t\t\t\t\t},\n\t\t\t\t\t\t\t{\n\t\t\t\t\t\t\t  breakpoint: 1025,\n\t\t\t\t\t\t\t  settings: {\n\t\t\t\t\t\t\t\tslidesToShow: 3,\n\t\t\t\t\t\t\t\tslidesToScroll: 3\n\t\t\t\t\t\t\t  }\n\t\t\t\t\t\t\t},\n\t\t\t\t\t\t\t{\n\t\t\t\t\t\t\t  breakpoint: 760,\n\t\t\t\t\t\t\t  settings: {\n\t\t\t\t\t\t\t\tslidesToShow: 2,\n\t\t\t\t\t\t\t\tslidesToScroll: 2\n\t\t\t\t\t\t\t  }\n\t\t\t\t\t\t\t}\n\t\t\t\t\t\t],pauseOnDotsHover: true,customPaging: function(slider, i) {\n                   return '<i type=\"button\" style= \"color:#333333;\" class=\"ultsl-record\" data-role=\"none\"><\/i>';\n                },});\n\t\t\t\t\t}\n\t\t\t\t});\n\t\t\t<\/script>\n\t\t\t\n\t\t\t<\/div><\/div><\/div><\/div><div class=\"ult_acord advanced-tabs-desc-wrap-2831\">\n   <div class=\"ult-tabto-accordion \" style=\"width:;\"\n    data-titlecolor=\"#74777b\"  data-titlebg=\"#e7ecea\"\n     data-titlehoverbg=\"#4f90d1\" data-titlehovercolor=\"#ffffff\" data-animation=\"Slide\"\n     data-activetitle=\"#ffffff\" data-activeicon=\"\" data-activebg=\"#4f90d1\" data-scroll = \"on\" data-activeindex=\"1\" >\n     <dl><dt class=\"\">\n        \t<a class=\"ult-tabto-actitle withBorder ult_a\"  id=\"1501509056120-4-4721e-ce1c0473-0b9a\" style=\"color:#74777b;;background-color:#e7ecea;border-bottom-color:transparent;border-bottom-width:0px;border-bottom-style:solid;\" href=\"#1501509056120-4-4721e-ce1c0473-0b9a\">\n        \t\t<i class=\"accordion-icon\"><\/i>\n        \t\t\t<span class=\"ult_tab_main ult_ac_mainBoth\">\n\t\t\t\t\t   <div class=\"aio-icon none \" style=\"color:#74777b;font-size:15px;\" data-iconcolor=\"#74777b\" data-iconhover=\"#ffffff\">\n\t\t\t\t\t   <i class=\"    ult_tab_icon\"  ><\/i>\n\t\t\t\t\t   <\/div>\n\t\t\t\t\t<span  data-ultimate-target='#advanced-tabs-wrap-6281 .ult-span-text'  data-responsive-json-new='{\"font-size\":\"desktop:15px;\",\"line-height\":\"\"}'  class=\"ult-span-text ult_acordian-text ult-responsive\" style=\";color:inherit \" >7 DITE<\/span>\n\t\t\t\t\t<\/span><\/a><\/dt>\n            \t\t<dd class=\"ult-tabto-accordionItem ult-tabto-accolapsed\">\n\t\t\t            <div class=\"ult-tabto-acontent\" style=\"color:#74777b;\">\n\t\t\t               <div id=\"ult-carousel-316105775169e460c29ba59\" class=\"ult-carousel-wrapper   ult_horizontal\" data-gutter=\"15\" data-rtl=\"false\" ><div class=\"ult-carousel-130503744069e460c29ba15 \" ><div class=\"ult-item-wrap\" data-animation=\"animated no-animation\"><div class=\"aio-icon-component    style_1\"><div id=\"Info-box-wrap-9500\" class=\"aio-icon-box top-icon\" style=\"\"  ><div class=\"aio-icon-top\"><div class=\"ult-item-wrap\" data-animation=\"animated no-animation\"><div class=\"ult-just-icon-wrapper  \"><div class=\"align-icon\" style=\"text-align:center;\">\n<div class=\"aio-icon-img \" style=\"font-size:180px;display:inline-block;\" data-animation=\"swing\" data-animation-delay=\"03\">\n\t<img decoding=\"async\" class=\"img-icon\" alt=\"null\" src=\"https:\/\/arli-international.com\/wp-content\/uploads\/2017\/08\/1191567993-lulelaker.jpg\"\/>\n<\/div><\/div><\/div><\/div><\/div><div class=\"aio-icon-header\" ><h3 class=\"aio-icon-title ult-responsive\"  data-ultimate-target='#Info-box-wrap-9500 .aio-icon-title'  data-responsive-json-new='{\"font-size\":\"desktop:25px;\",\"line-height\":\"\"}'  style=\"font-weight:bold;\">Lulelaker dhe Laker koke<\/h3><\/div> <!-- header --><\/div> <!-- aio-icon-box --><\/div> <!-- aio-icon-component --><\/div><\/div><\/div>\t\t\t<script type=\"text\/javascript\">\n\t\t\t\tjQuery(document).ready(function ($) {\n\t\t\t\t\tif( typeof jQuery('.ult-carousel-130503744069e460c29ba15').slick == \"function\"){\n\t\t\t\t\t\t$('.ult-carousel-130503744069e460c29ba15').slick({dots: true,autoplay: true,autoplaySpeed: \"5000\",speed: \"300\",infinite: true,arrows: true,nextArrow: '<button type=\"button\" role=\"button\" aria-label=\"Next\" style=\"color:#333333; font-size:20px;\" class=\"slick-next default\"><i class=\"ultsl-arrow-right4\"><\/i><\/button>',prevArrow: '<button type=\"button\" role=\"button\" aria-label=\"Previous\" style=\"color:#333333; font-size:20px;\" class=\"slick-prev default\"><i class=\"ultsl-arrow-left4\"><\/i><\/button>',slidesToScroll:4,slidesToShow:4,swipe: true,draggable: true,touchMove: true,pauseOnHover: true,pauseOnFocus: false,responsive: [\n\t\t\t\t\t\t\t{\n\t\t\t\t\t\t\t  breakpoint: 1026,\n\t\t\t\t\t\t\t  settings: {\n\t\t\t\t\t\t\t\tslidesToShow: 4,\n\t\t\t\t\t\t\t\tslidesToScroll: 4,  \n\t\t\t\t\t\t\t  }\n\t\t\t\t\t\t\t},\n\t\t\t\t\t\t\t{\n\t\t\t\t\t\t\t  breakpoint: 1025,\n\t\t\t\t\t\t\t  settings: {\n\t\t\t\t\t\t\t\tslidesToShow: 3,\n\t\t\t\t\t\t\t\tslidesToScroll: 3\n\t\t\t\t\t\t\t  }\n\t\t\t\t\t\t\t},\n\t\t\t\t\t\t\t{\n\t\t\t\t\t\t\t  breakpoint: 760,\n\t\t\t\t\t\t\t  settings: {\n\t\t\t\t\t\t\t\tslidesToShow: 2,\n\t\t\t\t\t\t\t\tslidesToScroll: 2\n\t\t\t\t\t\t\t  }\n\t\t\t\t\t\t\t}\n\t\t\t\t\t\t],pauseOnDotsHover: true,customPaging: function(slider, i) {\n                   return '<i type=\"button\" style= \"color:#333333;\" class=\"ultsl-record\" data-role=\"none\"><\/i>';\n                },});\n\t\t\t\t\t}\n\t\t\t\t});\n\t\t\t<\/script>\n\t\t\t\n\t\t\t            <\/div>\n        \t<\/dd><dt class=\"\">\n        \t<a class=\"ult-tabto-actitle withBorder ult_a\"  id=\"23c727f4-1f74-0721e-ce1c0473-0b9a\" style=\"color:#74777b;;background-color:#e7ecea;border-bottom-color:transparent;border-bottom-width:0px;border-bottom-style:solid;border-bottom-color:transparent;border-bottom-width:0px;border-bottom-style:solid;\" href=\"#23c727f4-1f74-0721e-ce1c0473-0b9a\">\n        \t\t<i class=\"accordion-icon\"><\/i>\n        \t\t\t<span class=\"ult_tab_main ult_ac_mainBoth\">\n\t\t\t\t\t   <div class=\"aio-icon none \" style=\"color:#74777b;font-size:15px;\" data-iconcolor=\"#74777b\" data-iconhover=\"#ffffff\">\n\t\t\t\t\t   <i class=\"    ult_tab_icon\"  ><\/i>\n\t\t\t\t\t   <\/div>\n\t\t\t\t\t<span  data-ultimate-target='#advanced-tabs-wrap-6281 .ult-span-text'  data-responsive-json-new='{\"font-size\":\"desktop:15px;\",\"line-height\":\"\"}'  class=\"ult-span-text ult_acordian-text ult-responsive\" style=\";color:inherit \" >20 DITE<\/span>\n\t\t\t\t\t<\/span><\/a><\/dt>\n            \t\t<dd class=\"ult-tabto-accordionItem ult-tabto-accolapsed\">\n\t\t\t            <div class=\"ult-tabto-acontent\" style=\"color:#74777b;\">\n\t\t\t               [vc_empty_space]<div id=\"ult-carousel-223989255669e460c29bd24\" class=\"ult-carousel-wrapper   ult_horizontal\" data-gutter=\"15\" data-rtl=\"false\" ><div class=\"ult-carousel-242848308869e460c29bcdf \" ><div class=\"ult-item-wrap\" data-animation=\"animated no-animation\"><div class=\"aio-icon-component    style_1\"><div id=\"Info-box-wrap-5921\" class=\"aio-icon-box top-icon\" style=\"\"  ><div class=\"aio-icon-top\"><div class=\"ult-item-wrap\" data-animation=\"animated no-animation\"><div class=\"ult-just-icon-wrapper  \"><div class=\"align-icon\" style=\"text-align:center;\">\n<div class=\"aio-icon-img \" style=\"font-size:110px;display:inline-block;\" data-animation=\"swing\" data-animation-delay=\"03\">\n\t<img decoding=\"async\" class=\"img-icon\" alt=\"null\" src=\"https:\/\/arli-international.com\/wp-content\/uploads\/2017\/07\/8-leafy-green-vegetables.jpg\"\/>\n<\/div><\/div><\/div><\/div><\/div><div class=\"aio-icon-header\" ><h3 class=\"aio-icon-title ult-responsive\"  data-ultimate-target='#Info-box-wrap-5921 .aio-icon-title'  data-responsive-json-new='{\"font-size\":\"desktop:20px;\",\"line-height\":\"\"}'  style=\"font-weight:bold;\">Sallate dhe te ngjashme<\/h3><\/div> <!-- header --><\/div> <!-- aio-icon-box --><\/div> <!-- aio-icon-component --><\/div><\/div><\/div>\t\t\t<script type=\"text\/javascript\">\n\t\t\t\tjQuery(document).ready(function ($) {\n\t\t\t\t\tif( typeof jQuery('.ult-carousel-242848308869e460c29bcdf').slick == \"function\"){\n\t\t\t\t\t\t$('.ult-carousel-242848308869e460c29bcdf').slick({dots: true,autoplay: true,autoplaySpeed: \"5000\",speed: \"300\",infinite: true,arrows: true,nextArrow: '<button type=\"button\" role=\"button\" aria-label=\"Next\" style=\"color:#333333; font-size:20px;\" class=\"slick-next default\"><i class=\"ultsl-arrow-right4\"><\/i><\/button>',prevArrow: '<button type=\"button\" role=\"button\" aria-label=\"Previous\" style=\"color:#333333; font-size:20px;\" class=\"slick-prev default\"><i class=\"ultsl-arrow-left4\"><\/i><\/button>',slidesToScroll:4,slidesToShow:4,swipe: true,draggable: true,touchMove: true,pauseOnHover: true,pauseOnFocus: false,responsive: [\n\t\t\t\t\t\t\t{\n\t\t\t\t\t\t\t  breakpoint: 1026,\n\t\t\t\t\t\t\t  settings: {\n\t\t\t\t\t\t\t\tslidesToShow: 4,\n\t\t\t\t\t\t\t\tslidesToScroll: 4,  \n\t\t\t\t\t\t\t  }\n\t\t\t\t\t\t\t},\n\t\t\t\t\t\t\t{\n\t\t\t\t\t\t\t  breakpoint: 1025,\n\t\t\t\t\t\t\t  settings: {\n\t\t\t\t\t\t\t\tslidesToShow: 3,\n\t\t\t\t\t\t\t\tslidesToScroll: 3\n\t\t\t\t\t\t\t  }\n\t\t\t\t\t\t\t},\n\t\t\t\t\t\t\t{\n\t\t\t\t\t\t\t  breakpoint: 760,\n\t\t\t\t\t\t\t  settings: {\n\t\t\t\t\t\t\t\tslidesToShow: 2,\n\t\t\t\t\t\t\t\tslidesToScroll: 2\n\t\t\t\t\t\t\t  }\n\t\t\t\t\t\t\t}\n\t\t\t\t\t\t],pauseOnDotsHover: true,customPaging: function(slider, i) {\n                   return '<i type=\"button\" style= \"color:#333333;\" class=\"ultsl-record\" data-role=\"none\"><\/i>';\n                },});\n\t\t\t\t\t}\n\t\t\t\t});\n\t\t\t<\/script>\n\t\t\t\n\t\t\t            <\/div>\n        \t<\/dd>\n    \t<\/dl>\n    <!--<div class=\"extraborder\" style=\"background-color:#4f90d1\"><\/div>-->\n<\/div>\n\n<\/div>[\/vc_column][\/vc_row][vc_row][vc_column][vc_empty_space][\/vc_column][\/vc_row][vc_row type=&#8221;vc_default&#8221; full_width=&#8221;stretch_row&#8221; css=&#8221;.vc_custom_1501509688289{margin-bottom: -72px !important;background-color: #6aaf08 !important;}&#8221;][vc_column width=&#8221;2\/3&#8243;][vc_column_text]<\/p>\n<h3 style=\"text-align: center;\"><strong><span style=\"color: #ffffff;\">PER ME SHUME INFORMACIONE SHIKONI PDF<\/span> <\/strong><\/h3>\n<p>[\/vc_column_text][\/vc_column][vc_column width=&#8221;1\/3&#8243;][vc_btn title=&#8221;SHKARKO PDF&#8221; style=&#8221;outline-custom&#8221; outline_custom_color=&#8221;#ffffff&#8221; outline_custom_hover_background=&#8221;#ffffff&#8221; outline_custom_hover_text=&#8221;#6aaf08&#8243; link=&#8221;url:%2Fwp-content%2Fuploads%2F2018%2F02%2FGASTROTOX.pdf||target:%20_blank|&#8221;][\/vc_column][\/vc_row]<\/p>\n<\/div>","protected":false},"excerpt":{"rendered":"<p>[vc_row][vc_column width=&#8221;1\/4&#8243;][vc_single_image image=&#8221;811&#8243; img_size=&#8221;full&#8221;][\/vc_column][vc_column width=&#8221;3\/4&#8243; css=&#8221;.vc_custom_1501506652955{border: 2px dotted #c1c1c1 !important;}&#8221;][vc_column_text] KARAKTERISTIKAT [\/vc_column_text][vc_separator color=&#8221;custom&#8221; border_width=&#8221;4&#8243; el_width=&#8221;10&#8243; accent_color=&#8221;#20b806&#8243;][vc_column_text] Produkt specifik q\u00eb vepron n\u00ebp\u00ebrmjet aparatit tret\u00ebs dhe kontaktit p\u00ebr luftimin e k\u00ebrmijve me dhe pa guask\u00eb, q\u00eb d\u00ebmtojn\u00eb kultura t\u00eb ndryshme bujq\u00ebsore si : perime, bim\u00eb zbukuruese dhe kultura t\u00eb tjera, si n\u00eb fush\u00eb t\u00eb hapur ashtu edhe&hellip;<\/p>\n","protected":false},"author":1,"featured_media":0,"parent":0,"menu_order":0,"comment_status":"closed","ping_status":"closed","template":"","meta":{"footnotes":""},"class_list":["post-808","page","type-page","status-publish","hentry","description-off"],"_links":{"self":[{"href":"https:\/\/arli-international.com\/index.php?rest_route=\/wp\/v2\/pages\/808","targetHints":{"allow":["GET"]}}],"collection":[{"href":"https:\/\/arli-international.com\/index.php?rest_route=\/wp\/v2\/pages"}],"about":[{"href":"https:\/\/arli-international.com\/index.php?rest_route=\/wp\/v2\/types\/page"}],"author":[{"embeddable":true,"href":"https:\/\/arli-international.com\/index.php?rest_route=\/wp\/v2\/users\/1"}],"replies":[{"embeddable":true,"href":"https:\/\/arli-international.com\/index.php?rest_route=%2Fwp%2Fv2%2Fcomments&post=808"}],"version-history":[{"count":7,"href":"https:\/\/arli-international.com\/index.php?rest_route=\/wp\/v2\/pages\/808\/revisions"}],"predecessor-version":[{"id":1084,"href":"https:\/\/arli-international.com\/index.php?rest_route=\/wp\/v2\/pages\/808\/revisions\/1084"}],"wp:attachment":[{"href":"https:\/\/arli-international.com\/index.php?rest_route=%2Fwp%2Fv2%2Fmedia&parent=808"}],"curies":[{"name":"wp","href":"https:\/\/api.w.org\/{rel}","templated":true}]}}