{"id":757,"date":"2017-08-04T13:29:31","date_gmt":"2017-08-04T13:29:31","guid":{"rendered":"http:\/\/arli.albweb.al\/?page_id=757"},"modified":"2018-02-27T10:40:36","modified_gmt":"2018-02-27T10:40:36","slug":"ercole","status":"publish","type":"page","link":"https:\/\/arli-international.com\/?page_id=757","title":{"rendered":"ERCOLE"},"content":{"rendered":"<div class=\"wpb-content-wrapper\"><p>[vc_row][vc_column width=&#8221;1\/4&#8243;][vc_single_image image=&#8221;760&#8243; img_size=&#8221;full&#8221;][\/vc_column][vc_column width=&#8221;3\/4&#8243; css=&#8221;.vc_custom_1501506652955{border: 2px dotted #c1c1c1 !important;}&#8221;][vc_column_text]<\/p>\n<h3 style=\"text-align: center;\"><strong><span style=\"color: #333;\">KARAKTERISTIKAT<\/span> <\/strong><\/h3>\n<p>[\/vc_column_text][vc_separator color=&#8221;custom&#8221; border_width=&#8221;4&#8243; el_width=&#8221;10&#8243; accent_color=&#8221;#20b806&#8243;][vc_column_text]<\/p>\n<p style=\"text-align: justify;\">ERCOLE \u00ebsht\u00eb insekticid me baz\u00eb Lambda-cialotrin. Molekula piretroide \u00ebsht\u00eb nd\u00ebrtuar<br \/>\np\u00ebr veprim t\u00eb vazhduesh\u00ebm dhe efekt repelent (largues). Biologjikisht \u00ebsht\u00eb aktiv n\u00eb doza t\u00eb vogla, vepron me an\u00eb t\u00eb kontaktit dhe g\u00eblltitjes, ka efekt t\u00eb shpejt\u00eb ndaj shum\u00eb d\u00ebmtuesish t\u00eb tok\u00ebs si noktuidet, elaterid\u00ebt, larvat e (Diabrotica virgifera virgifera), Tipula sp. (k\u00ebmb\u00ebgjata e livadheve), bibionidi dhe dipter\u00eb t\u00eb tjer\u00eb.<\/p>\n<p>[\/vc_column_text][\/vc_column][\/vc_row][vc_row][vc_column][vc_empty_space][\/vc_column][\/vc_row][vc_row type=&#8221;vc_default&#8221; full_width=&#8221;stretch_row&#8221; css=&#8221;.vc_custom_1501509688289{margin-bottom: -72px !important;background-color: #6aaf08 !important;}&#8221;][vc_column width=&#8221;2\/3&#8243;][vc_column_text]<\/p>\n<h3 style=\"text-align: center;\"><strong><span style=\"color: #ffffff;\">PER ME SHUME INFORMACIONE SHIKONI PDF<\/span> <\/strong><\/h3>\n<p>[\/vc_column_text][\/vc_column][vc_column width=&#8221;1\/3&#8243;][vc_btn title=&#8221;SHKARKO PDF&#8221; style=&#8221;outline-custom&#8221; outline_custom_color=&#8221;#ffffff&#8221; outline_custom_hover_background=&#8221;#ffffff&#8221; outline_custom_hover_text=&#8221;#6aaf08&#8243; link=&#8221;url:%2Fwp-content%2Fuploads%2F2018%2F02%2FErcole.pdf||target:%20_blank|&#8221;][\/vc_column][\/vc_row]<\/p>\n<\/div>","protected":false},"excerpt":{"rendered":"<p>[vc_row][vc_column width=&#8221;1\/4&#8243;][vc_single_image image=&#8221;760&#8243; img_size=&#8221;full&#8221;][\/vc_column][vc_column width=&#8221;3\/4&#8243; css=&#8221;.vc_custom_1501506652955{border: 2px dotted #c1c1c1 !important;}&#8221;][vc_column_text] KARAKTERISTIKAT [\/vc_column_text][vc_separator color=&#8221;custom&#8221; border_width=&#8221;4&#8243; el_width=&#8221;10&#8243; accent_color=&#8221;#20b806&#8243;][vc_column_text] ERCOLE \u00ebsht\u00eb insekticid me baz\u00eb Lambda-cialotrin. Molekula piretroide \u00ebsht\u00eb nd\u00ebrtuar p\u00ebr veprim t\u00eb vazhduesh\u00ebm dhe efekt repelent (largues). Biologjikisht \u00ebsht\u00eb aktiv n\u00eb doza t\u00eb vogla, vepron me an\u00eb t\u00eb kontaktit dhe g\u00eblltitjes, ka efekt t\u00eb shpejt\u00eb ndaj shum\u00eb d\u00ebmtuesish&hellip;<\/p>\n","protected":false},"author":1,"featured_media":0,"parent":0,"menu_order":0,"comment_status":"closed","ping_status":"closed","template":"","meta":{"footnotes":""},"class_list":["post-757","page","type-page","status-publish","hentry","description-off"],"_links":{"self":[{"href":"https:\/\/arli-international.com\/index.php?rest_route=\/wp\/v2\/pages\/757","targetHints":{"allow":["GET"]}}],"collection":[{"href":"https:\/\/arli-international.com\/index.php?rest_route=\/wp\/v2\/pages"}],"about":[{"href":"https:\/\/arli-international.com\/index.php?rest_route=\/wp\/v2\/types\/page"}],"author":[{"embeddable":true,"href":"https:\/\/arli-international.com\/index.php?rest_route=\/wp\/v2\/users\/1"}],"replies":[{"embeddable":true,"href":"https:\/\/arli-international.com\/index.php?rest_route=%2Fwp%2Fv2%2Fcomments&post=757"}],"version-history":[{"count":6,"href":"https:\/\/arli-international.com\/index.php?rest_route=\/wp\/v2\/pages\/757\/revisions"}],"predecessor-version":[{"id":1077,"href":"https:\/\/arli-international.com\/index.php?rest_route=\/wp\/v2\/pages\/757\/revisions\/1077"}],"wp:attachment":[{"href":"https:\/\/arli-international.com\/index.php?rest_route=%2Fwp%2Fv2%2Fmedia&parent=757"}],"curies":[{"name":"wp","href":"https:\/\/api.w.org\/{rel}","templated":true}]}}