{"id":441,"date":"2017-08-01T12:28:11","date_gmt":"2017-08-01T12:28:11","guid":{"rendered":"http:\/\/arli.albweb.al\/?page_id=441"},"modified":"2017-08-01T12:36:27","modified_gmt":"2017-08-01T12:36:27","slug":"rreth-nesh-3","status":"publish","type":"page","link":"https:\/\/arli-international.com\/?page_id=441","title":{"rendered":"Rreth Nesh"},"content":{"rendered":"<div class=\"wpb-content-wrapper\"><p>[vc_row][vc_column][vc_column_text]<\/p>\n<h2 style=\"text-align: left;\"><strong><span style=\"color: #333;\">Arli<\/span><span style=\"color: #20b806;\">\u00a0 International<\/span> <\/strong><\/h2>\n<p>[\/vc_column_text][\/vc_column][\/vc_row][vc_row][vc_column width=&#8221;1\/2&#8243;][vc_column_text]<\/p>\n<p style=\"text-align: justify;\">Kompania Arli International, me q\u00ebnd\u00ebr n\u00eb Maminas, \u00ebsht\u00eb themeluar si person fizik n\u00eb vitin 1992. \u00cbsht\u00eb shnd\u00ebrruar n\u00eb person juridik n\u00eb vitin 1996. Ushtron veprimtari ne te gjithe territorin e Shqiperise dhe trojet shqiptare (Kosov\u00eb, Maqedoni, Mal i Zi). Shum\u00ebllojshm\u00ebria e artikujve bujq\u00ebsor\u00eb \u00ebsht\u00eb karakteristika e k\u00ebsaj kompanie.<\/p>\n<p style=\"text-align: justify;\">Pesticidet, pleh\u00ebrat, fidan\u00ebt e pem\u00ebve frutore, ullinj\u00ebve e agrumeve, hardhive e bim\u00ebve dekorative importohen nga kompani t\u00eb njohura n\u00eb Europ\u00eb dhe n\u00eb bot\u00eb midis t\u00eb cilave p\u00ebrmendim: SIPCAM Oxon-Itali, Gianoccaro-Itali, COOP Agri-Franc\u00eb, Apollon-Sh.B.A, Zheng-Kin\u00eb. Far\u00ebrat cil\u00ebsore t\u00eb perimeve, grurit, bim\u00ebve foragjere e misrit importohen nga Larossa Emanuele-Itali, Bologna Sementi-Itali.P\u00ebr m\u00eb shum\u00eb se dy dekada, kompania punon n\u00eb sh\u00ebrbim t\u00eb bujq\u00ebsis\u00eb shqiptare me prodhime cil\u00ebsore, sh\u00ebrbime k\u00ebshillimore, korrektesi e p\u00ebrgjegj\u00ebsi n\u00eb t\u00eb gjitha hallkat e veprimtaris\u00eb.<\/p>\n<p>[\/vc_column_text][\/vc_column][vc_column width=&#8221;1\/2&#8243;][vc_single_image image=&#8221;447&#8243; img_size=&#8221;full&#8221; alignment=&#8221;center&#8221; css=&#8221;.vc_custom_1501590334495{border: 2px dotted #6aaf08 !important;}&#8221;][\/vc_column][\/vc_row][vc_row][vc_column][vc_empty_space height=&#8221;20px&#8221;][\/vc_column][\/vc_row][vc_row][vc_column width=&#8221;1\/3&#8243;][vc_single_image image=&#8221;463&#8243; img_size=&#8221;full&#8221; alignment=&#8221;center&#8221; css=&#8221;.vc_custom_1501590373177{border-top-width: 2px !important;border-right-width: 2px !important;border-bottom-width: 2px !important;border-left-width: 2px !important;border-left-color: #6aaf08 !important;border-left-style: dotted !important;border-right-color: #6aaf08 !important;border-right-style: dotted !important;border-top-color: #6aaf08 !important;border-top-style: dotted !important;border-bottom-color: #6aaf08 !important;border-bottom-style: dotted !important;}&#8221;][\/vc_column][vc_column width=&#8221;1\/3&#8243;][vc_single_image image=&#8221;462&#8243; img_size=&#8221;full&#8221; alignment=&#8221;center&#8221; css=&#8221;.vc_custom_1501590381015{border-top-width: 2px !important;border-right-width: 2px !important;border-bottom-width: 2px !important;border-left-width: 2px !important;border-left-color: #6aaf08 !important;border-left-style: dotted !important;border-right-color: #6aaf08 !important;border-right-style: dotted !important;border-top-color: #6aaf08 !important;border-top-style: dotted !important;border-bottom-color: #6aaf08 !important;border-bottom-style: dotted !important;}&#8221;][\/vc_column][vc_column width=&#8221;1\/3&#8243;][vc_single_image image=&#8221;448&#8243; img_size=&#8221;full&#8221; alignment=&#8221;center&#8221; css=&#8221;.vc_custom_1501590389447{border-top-width: 2px !important;border-right-width: 2px !important;border-bottom-width: 2px !important;border-left-width: 2px !important;border-left-color: #6aaf08 !important;border-left-style: dotted !important;border-right-color: #6aaf08 !important;border-right-style: dotted !important;border-top-color: #6aaf08 !important;border-top-style: dotted !important;border-bottom-color: #6aaf08 !important;border-bottom-style: dotted !important;}&#8221;][\/vc_column][\/vc_row][vc_row][vc_column][vc_empty_space height=&#8221;20px&#8221;][\/vc_column][\/vc_row][vc_row][vc_column][vc_column_text]<\/p>\n<p style=\"text-align: justify;\">\u00a0Bashk\u00ebpunon me mbi 300 specialist\u00eb t\u00eb lart\u00eb t\u00eb bujq\u00ebsis\u00eb. Organizon takime p\u00ebr promovimin e t\u00eb rejave shkencore n\u00eb bujq\u00ebsi. Nd\u00ebr takimet m\u00eb cil\u00ebsore ka q\u00ebn\u00eb \u00cborkshop-i p\u00ebr njohjen e preparateve t\u00eb sh\u00ebndetit publik. Veprimtari e realizuar n\u00eb bashk\u00ebpunim me \u201cMinistrin\u00eb e Bujq\u00ebsis\u00eb, ushqimit e mbrojtjes s\u00eb konsumatorit\u201d, Ministrin\u00eb e sh\u00ebndet\u00ebsis\u00eb, Institutin e sh\u00ebndetit pubik, Kompanin\u00eb PELGAR-Angli dhe Itali kompania Arli International \u00ebsht\u00eb kompletuar me mjedise cil\u00ebsore, me specialist\u00eb me shum\u00eb p\u00ebrvoj\u00eb e t\u00eb rinj, 8 agronom\u00eb, inxhinier\u00eb kimist\u00eb, veteriner\u00eb, ekonomist\u00eb dhe jurist\u00eb. Parimi baz\u00eb i pun\u00ebs ka q\u00ebn\u00eb dhe mbetet njohja dhe respektimi i ligjit, komunikimi korrekt e i cliter, mbrojtja e prodhimit bujq\u00ebsor, k\u00ebshillimi koherent deri tek fermeri. Nj\u00eb nga objektivat e kompanis\u00eb \u00ebsht\u00eb futja n\u00eb sistemin e prodhimt t\u00eb farave t\u00eb vendit duke e par\u00eb at\u00eb si pjes\u00eb e identitetit komb\u00ebtar, sic e kan\u00eb dhe shum\u00eb vende t\u00eb tjera t\u00eb bot\u00ebs.<\/p>\n<p>[\/vc_column_text][\/vc_column][\/vc_row][vc_row][vc_column][vc_empty_space height=&#8221;20px&#8221;][\/vc_column][\/vc_row][vc_row][vc_column width=&#8221;1\/3&#8243;][vc_single_image image=&#8221;446&#8243; img_size=&#8221;full&#8221; alignment=&#8221;center&#8221; css=&#8221;.vc_custom_1501590447271{border-top-width: 2px !important;border-right-width: 2px !important;border-bottom-width: 2px !important;border-left-width: 2px !important;border-left-color: #6aaf08 !important;border-left-style: dotted !important;border-right-color: #6aaf08 !important;border-right-style: dotted !important;border-top-color: #6aaf08 !important;border-top-style: dotted !important;border-bottom-color: #6aaf08 !important;border-bottom-style: dotted !important;}&#8221;][\/vc_column][vc_column width=&#8221;1\/3&#8243;][vc_single_image image=&#8221;456&#8243; img_size=&#8221;full&#8221; alignment=&#8221;center&#8221; css=&#8221;.vc_custom_1501590457533{border-top-width: 2px !important;border-right-width: 2px !important;border-bottom-width: 2px !important;border-left-width: 2px !important;border-left-color: #6aaf08 !important;border-left-style: dotted !important;border-right-color: #6aaf08 !important;border-right-style: dotted !important;border-top-color: #6aaf08 !important;border-top-style: dotted !important;border-bottom-color: #6aaf08 !important;border-bottom-style: dotted !important;}&#8221;][\/vc_column][vc_column width=&#8221;1\/3&#8243;][vc_single_image image=&#8221;466&#8243; img_size=&#8221;full&#8221; alignment=&#8221;center&#8221; css=&#8221;.vc_custom_1501590485188{border-top-width: 2px !important;border-right-width: 2px !important;border-bottom-width: 2px !important;border-left-width: 2px !important;border-left-color: #6aaf08 !important;border-left-style: dotted !important;border-right-color: #6aaf08 !important;border-right-style: dotted !important;border-top-color: #6aaf08 !important;border-top-style: dotted !important;border-bottom-color: #6aaf08 !important;border-bottom-style: dotted !important;}&#8221;][\/vc_column][\/vc_row]<\/p>\n<\/div>","protected":false},"excerpt":{"rendered":"<p>[vc_row][vc_column][vc_column_text] Arli\u00a0 International [\/vc_column_text][\/vc_column][\/vc_row][vc_row][vc_column width=&#8221;1\/2&#8243;][vc_column_text] Kompania Arli International, me q\u00ebnd\u00ebr n\u00eb Maminas, \u00ebsht\u00eb themeluar si person fizik n\u00eb vitin 1992. \u00cbsht\u00eb shnd\u00ebrruar n\u00eb person juridik n\u00eb vitin 1996. Ushtron veprimtari ne te gjithe territorin e Shqiperise dhe trojet shqiptare (Kosov\u00eb, Maqedoni, Mal i Zi). Shum\u00ebllojshm\u00ebria e artikujve bujq\u00ebsor\u00eb \u00ebsht\u00eb karakteristika e k\u00ebsaj kompanie. Pesticidet, pleh\u00ebrat,&hellip;<\/p>\n","protected":false},"author":1,"featured_media":0,"parent":0,"menu_order":0,"comment_status":"closed","ping_status":"closed","template":"","meta":{"footnotes":""},"class_list":["post-441","page","type-page","status-publish","hentry","description-off"],"_links":{"self":[{"href":"https:\/\/arli-international.com\/index.php?rest_route=\/wp\/v2\/pages\/441","targetHints":{"allow":["GET"]}}],"collection":[{"href":"https:\/\/arli-international.com\/index.php?rest_route=\/wp\/v2\/pages"}],"about":[{"href":"https:\/\/arli-international.com\/index.php?rest_route=\/wp\/v2\/types\/page"}],"author":[{"embeddable":true,"href":"https:\/\/arli-international.com\/index.php?rest_route=\/wp\/v2\/users\/1"}],"replies":[{"embeddable":true,"href":"https:\/\/arli-international.com\/index.php?rest_route=%2Fwp%2Fv2%2Fcomments&post=441"}],"version-history":[{"count":19,"href":"https:\/\/arli-international.com\/index.php?rest_route=\/wp\/v2\/pages\/441\/revisions"}],"predecessor-version":[{"id":471,"href":"https:\/\/arli-international.com\/index.php?rest_route=\/wp\/v2\/pages\/441\/revisions\/471"}],"wp:attachment":[{"href":"https:\/\/arli-international.com\/index.php?rest_route=%2Fwp%2Fv2%2Fmedia&parent=441"}],"curies":[{"name":"wp","href":"https:\/\/api.w.org\/{rel}","templated":true}]}}